{"id":1598,"date":"2020-05-08T09:30:53","date_gmt":"2020-05-08T07:30:53","guid":{"rendered":"https:\/\/www.orthotraumawien.at\/impressum\/"},"modified":"2022-12-23T14:53:25","modified_gmt":"2022-12-23T13:53:25","slug":"imprint","status":"publish","type":"page","link":"https:\/\/www.orthotraumawien.at\/en\/imprint\/","title":{"rendered":"Imprint"},"content":{"rendered":"\n<p><strong>OrthoTraumaWien<br>Ihr Facharztteam f\u00fcr Orthop\u00e4die und Traumatologie <\/strong><br>Margaretenstra\u00dfe 116 EG, 1050 Wien<br>Kontakt: <a href=\"mailto:ordination@orthotraumawien.at\">ordination@orthotraumawien.at<\/a><\/p>\n\n\n\n<h3>F\u00fcr den Inhalt verantwortlich:<\/h3>\n\n\n\n<p><strong>Tiefenb\u00f6ck, Tiefenb\u00f6ck &amp; Komjati \u00c4rzte OG<br><\/strong>Gesellschafter Dr. med. univ. Thomas M. Tiefenb\u00f6ck, MSc &#8211; Facharzt f\u00fcr Orthop\u00e4die und Traumatologie;<br>Dr. med. univ. Michael Tiefenb\u00f6ck, MSc &#8211; Facharzt f\u00fcr Orthop\u00e4die und Traumatologie<br>Micha Komjati MBBS; Facharzt f\u00fcr Orthop\u00e4die und Traumatologie<strong><br><\/strong>Wahlarztordination<br>Margaretenstra\u00dfe 116 EG, 1050 Wien<br>Telefon: <a href=\"tel:+436605758857\">+43 (0) 660 575 88 57<\/a><br>E-Mail: <a href=\"mailto:t.tiefenboeck@orthotraumawien.at\">t.tiefenboeck@orthotraumawien.at<\/a><\/p>\n\n\n\n<h3>Rechtliche Informationen<\/h3>\n\n\n\n<p><strong>Inhaber<\/strong>: Tiefenb\u00f6ck &amp; Tiefenb\u00f6ck \u00c4rzte OG<br><strong>Aufsichtsbeh\u00f6rde<\/strong>: \u00c4rztekammer Wien<br><strong>Kammermitgliedschaft<\/strong>: \u00c4rztekammer Wien<br><strong>Gesetzliche Berufsbezeichung<\/strong>: Facharzt f\u00fcr Orthop\u00e4die und Traumatologie, \u00d6sterreich<br><strong>Berufsrechtliche Vorschriften<\/strong>: T\u00e4tigkeit unterliegt dem \u00c4rztegesetz<\/p>\n\n\n\n<h3>Bildmaterial<\/h3>\n\n\n\n<p>Sa\u0308mtliches Bildmaterial wurde fu\u0308r die Nutzung auf der Website eigens produziert. Die Urheber- und Verwertungsrechte liegen bei dem Inhaber <em>Tiefenbo\u0308ck, Tiefenbo\u0308ck &amp; Komjati A\u0308rzte OG<\/em>.<\/p>\n","protected":false},"excerpt":{"rendered":"<p>OrthoTraumaWienIhr Facharztteam f\u00fcr Orthop\u00e4die und Traumatologie Margaretenstra\u00dfe 116 EG, 1050 WienKontakt: ordination@orthotraumawien.at F\u00fcr den Inhalt verantwortlich: Tiefenb\u00f6ck, Tiefenb\u00f6ck &amp; Komjati \u00c4rzte OGGesellschafter Dr. med. univ. Thomas M. Tiefenb\u00f6ck, MSc &#8211; Facharzt f\u00fcr Orthop\u00e4die und Traumatologie;Dr. med. univ. Michael Tiefenb\u00f6ck, MSc &#8211; Facharzt f\u00fcr Orthop\u00e4die und TraumatologieMicha Komjati MBBS; Facharzt f\u00fcr Orthop\u00e4die und TraumatologieWahlarztordinationMargaretenstra\u00dfe 116 EG, &hellip;<\/p>\n","protected":false},"author":2,"featured_media":0,"parent":0,"menu_order":0,"comment_status":"closed","ping_status":"closed","template":"","meta":[],"yoast_head":"<!-- This site is optimized with the Yoast SEO plugin v15.8 - https:\/\/yoast.com\/wordpress\/plugins\/seo\/ -->\n<title>Imprint - Ortho Trauma Wien<\/title>\n<meta name=\"robots\" content=\"index, follow, max-snippet:-1, max-image-preview:large, max-video-preview:-1\" \/>\n<link rel=\"canonical\" href=\"https:\/\/www.orthotraumawien.at\/en\/imprint\/\" \/>\n<meta property=\"og:locale\" content=\"en_US\" \/>\n<meta property=\"og:type\" content=\"article\" \/>\n<meta property=\"og:title\" content=\"Imprint - Ortho Trauma Wien\" \/>\n<meta property=\"og:description\" content=\"OrthoTraumaWienIhr Facharztteam f\u00fcr Orthop\u00e4die und Traumatologie Margaretenstra\u00dfe 116 EG, 1050 WienKontakt: ordination@orthotraumawien.at F\u00fcr den Inhalt verantwortlich: Tiefenb\u00f6ck, Tiefenb\u00f6ck &amp; Komjati \u00c4rzte OGGesellschafter Dr. med. univ. Thomas M. Tiefenb\u00f6ck, MSc &#8211; Facharzt f\u00fcr Orthop\u00e4die und Traumatologie;Dr. med. univ. Michael Tiefenb\u00f6ck, MSc &#8211; Facharzt f\u00fcr Orthop\u00e4die und TraumatologieMicha Komjati MBBS; Facharzt f\u00fcr Orthop\u00e4die und TraumatologieWahlarztordinationMargaretenstra\u00dfe 116 EG, &hellip;\" \/>\n<meta property=\"og:url\" content=\"https:\/\/www.orthotraumawien.at\/en\/imprint\/\" \/>\n<meta property=\"og:site_name\" content=\"Ortho Trauma Wien\" \/>\n<meta property=\"article:modified_time\" content=\"2022-12-23T13:53:25+00:00\" \/>\n<meta name=\"twitter:card\" content=\"summary_large_image\" \/>\n<meta name=\"twitter:label1\" content=\"Est. reading time\">\n\t<meta name=\"twitter:data1\" content=\"1 minute\">\n<script type=\"application\/ld+json\" class=\"yoast-schema-graph\">{\"@context\":\"https:\/\/schema.org\",\"@graph\":[{\"@type\":\"Organization\",\"@id\":\"https:\/\/www.orthotraumawien.at\/#organization\",\"name\":\"Ortho Trauma Wien\",\"url\":\"https:\/\/www.orthotraumawien.at\/\",\"sameAs\":[],\"logo\":{\"@type\":\"ImageObject\",\"@id\":\"https:\/\/www.orthotraumawien.at\/#logo\",\"inLanguage\":\"en-US\",\"url\":\"https:\/\/www.orthotraumawien.at\/wp-content\/uploads\/2020\/04\/OTW-Logo.png\",\"width\":600,\"height\":211,\"caption\":\"Ortho Trauma Wien\"},\"image\":{\"@id\":\"https:\/\/www.orthotraumawien.at\/#logo\"}},{\"@type\":\"WebSite\",\"@id\":\"https:\/\/www.orthotraumawien.at\/#website\",\"url\":\"https:\/\/www.orthotraumawien.at\/\",\"name\":\"Ortho Trauma Wien\",\"description\":\"\",\"publisher\":{\"@id\":\"https:\/\/www.orthotraumawien.at\/#organization\"},\"potentialAction\":[{\"@type\":\"SearchAction\",\"target\":\"https:\/\/www.orthotraumawien.at\/?s={search_term_string}\",\"query-input\":\"required name=search_term_string\"}],\"inLanguage\":\"en-US\"},{\"@type\":\"WebPage\",\"@id\":\"https:\/\/www.orthotraumawien.at\/en\/imprint\/#webpage\",\"url\":\"https:\/\/www.orthotraumawien.at\/en\/imprint\/\",\"name\":\"Imprint - Ortho Trauma Wien\",\"isPartOf\":{\"@id\":\"https:\/\/www.orthotraumawien.at\/#website\"},\"datePublished\":\"2020-05-08T07:30:53+00:00\",\"dateModified\":\"2022-12-23T13:53:25+00:00\",\"breadcrumb\":{\"@id\":\"https:\/\/www.orthotraumawien.at\/en\/imprint\/#breadcrumb\"},\"inLanguage\":\"en-US\",\"potentialAction\":[{\"@type\":\"ReadAction\",\"target\":[\"https:\/\/www.orthotraumawien.at\/en\/imprint\/\"]}]},{\"@type\":\"BreadcrumbList\",\"@id\":\"https:\/\/www.orthotraumawien.at\/en\/imprint\/#breadcrumb\",\"itemListElement\":[{\"@type\":\"ListItem\",\"position\":1,\"item\":{\"@type\":\"WebPage\",\"@id\":\"https:\/\/www.orthotraumawien.at\/en\/\",\"url\":\"https:\/\/www.orthotraumawien.at\/en\/\",\"name\":\"Startseite\"}},{\"@type\":\"ListItem\",\"position\":2,\"item\":{\"@type\":\"WebPage\",\"@id\":\"https:\/\/www.orthotraumawien.at\/en\/imprint\/\",\"url\":\"https:\/\/www.orthotraumawien.at\/en\/imprint\/\",\"name\":\"Imprint\"}}]}]}<\/script>\n<!-- \/ Yoast SEO plugin. -->","_links":{"self":[{"href":"https:\/\/www.orthotraumawien.at\/en\/wp-json\/wp\/v2\/pages\/1598"}],"collection":[{"href":"https:\/\/www.orthotraumawien.at\/en\/wp-json\/wp\/v2\/pages"}],"about":[{"href":"https:\/\/www.orthotraumawien.at\/en\/wp-json\/wp\/v2\/types\/page"}],"author":[{"embeddable":true,"href":"https:\/\/www.orthotraumawien.at\/en\/wp-json\/wp\/v2\/users\/2"}],"replies":[{"embeddable":true,"href":"https:\/\/www.orthotraumawien.at\/en\/wp-json\/wp\/v2\/comments?post=1598"}],"version-history":[{"count":2,"href":"https:\/\/www.orthotraumawien.at\/en\/wp-json\/wp\/v2\/pages\/1598\/revisions"}],"predecessor-version":[{"id":1886,"href":"https:\/\/www.orthotraumawien.at\/en\/wp-json\/wp\/v2\/pages\/1598\/revisions\/1886"}],"wp:attachment":[{"href":"https:\/\/www.orthotraumawien.at\/en\/wp-json\/wp\/v2\/media?parent=1598"}],"curies":[{"name":"wp","href":"https:\/\/api.w.org\/{rel}","templated":true}]}}