{"id":1600,"date":"2020-04-17T12:08:35","date_gmt":"2020-04-17T10:08:35","guid":{"rendered":"https:\/\/www.orthotraumawien.at\/kosten\/"},"modified":"2025-12-31T11:16:53","modified_gmt":"2025-12-31T10:16:53","slug":"costs","status":"publish","type":"page","link":"https:\/\/www.orthotraumawien.at\/en\/costs\/","title":{"rendered":"Costs"},"content":{"rendered":"\n<h2 class=\"has-tuerkis-color has-text-color\">Treatment Costs \u2013 Doctors<\/h2>\n\n\n\n<figure class=\"wp-block-table arztkosten tabelle\"><table><tbody><tr><td><strong>Initial Consultation<\/strong><br><strong><strong>\u20ac<\/strong><\/strong> <strong>180<\/strong><\/td><td>The first consultation includes an extensive history taking, discussion of prior results and radiological images, formulating a diagnosis, developing a management plan and instigating further investigations.<\/td><\/tr><tr><td><strong>Follow-up Consultation<\/strong><br><strong><strong>\u20ac<\/strong><\/strong> <strong>150<\/strong><\/td><td>The follow-up consultation includes discussion of results and radiological images as well as formulating a treatment plan individualised to your needs, both conservative and surgical.<\/td><\/tr><tr><td><strong>KFA<\/strong><\/td><td>We have a contract with the KFA public health service, costs are settled direcly via e-card.<\/td><\/tr><tr><td><strong>ACP <\/strong><br><strong>(Autologous Conditioned Plasma) <\/strong><br><strong><strong>\u20ac<\/strong><\/strong> <strong>200 per treatment<\/strong><\/td><td>Treatment with <a href=\"https:\/\/www.orthotraumawien.at\/en\/treatments\/#acp\">ACP<\/a> includes a detailed treatment explanation, blood-taking from a vein of the arm, centrifuging and subsequent administration of the conditioned plasma. The treatment steps are all performed personally by your doctor and documented. Normally 3-5 treatments are necessary.<\/td><\/tr><tr><td><strong>Cartilage Therapy (Hyaluronic acid): <\/strong><br><strong><strong>\u20ac<\/strong> 50 &#8211; 300<\/strong><\/td><td>Hyaluronic acid is an important component of joint cartilage and joint fluid. Joint cartilage therapy with hyaluronic acid provides symptomatic relief of arthritis-related joint complaints and pain. Hyaluronic acid has lubricating and nutritive effects on the damaged cartilage. Depending on the type of hyaluronic acid used, either a single injection or 5 separate ones are administered at 1-weekly intervals. The treatment is well tolerated and the desired effect lasts up to 6 months and longer. Treatment includes developing a detailed treatment plan, administering the injection into the joint by your doctor as well as documentation of the treatment progression.<\/td><\/tr><tr><td><strong>Shock-wave Therapy<br>\u20ac 80 -120 per treatment<\/strong><\/td><td>Treatment with <a href=\"https:\/\/www.orthotraumawien.at\/en\/treatments\/#shockwavetherapy\">shock-wave therapy<\/a> includes a detailed treatment explanation, compiling a treatment plan, performing the shock-wave therapy by your doctor, documentation of therapy progression, as well as arranging further treatments (normally 3-5 treatments are necessary).<\/td><\/tr><tr><td><strong>*Ultrasound Guided Injection<br>\u20ac 60<\/strong><\/td><td>Treatment with <a href=\"https:\/\/www.orthotraumawien.at\/en\/treatments\/#ultrasound-guided-injection\">ultrasound guided injections<\/a> includes a detailed treatment explanation, compiling a treatment plan, ultrasound of the region to be treated, a guided injection performed by your doctor, documentation of therapy progression, as well as arranging further treatments (depending on the region, 1-5 treatments may be necessary).<\/td><\/tr><tr><td><strong>*Injections<br>\u20ac 20-40<\/strong><\/td><td>Treatment with <a href=\"https:\/\/www.orthotraumawien.at\/en\/treatments\/#joint-injection-therapy\">injections<\/a> includes a detailed treatment explanation, compiling a treatment plan, an injection performed by your doctor, documentation of therapy progression, as well as arranging further treatments (depending on the region, 1-5 treatments may be necessary).<\/td><\/tr><\/tbody><\/table><\/figure>\n\n\n\n<p><strong>*Reduced cost of injections at initial or follow-up consultations.<\/strong><\/p>\n\n\n\n<div style=\"height:70px\" aria-hidden=\"true\" class=\"wp-block-spacer\"><\/div>\n\n\n\n<h2 class=\"has-dunkelblau-color has-text-color\">Treatment Costs &#8211; Physiotherapy<\/h2>\n\n\n\n<figure class=\"wp-block-table tabelle physiokosten\"><table><tbody><tr><td><strong>30min Physiotherapy<br>\u20ac 70 per session<br><\/strong><\/td><td>Includes an initial assessment, development of an individual therapy plan, one-on-one therapy, recommendations for further therapy to complete independently. Depending on the type of therapy, 3-10 sessions are necessary.<\/td><\/tr><tr><td><strong>45min Physiotherapy<br>\u20ac 100 per session<br><\/strong><\/td><td>Includes an initial assessment, development of an individual therapy plan, one-on-one therapy, learning self-therapy exercises, recommendations for further therapy to complete independently. Depending on the type of therapy, 3-10 sessions are necessary.<\/td><\/tr><tr><td><strong>15min Massage<br>\u20ac 15<br><\/strong><\/td><td>Following a physiotherapy session to loosen the musculature.<\/td><\/tr><tr><td><strong>Taping<br>\u20ac 5-10 (material costs)<\/strong><\/td><td>Can also be done in addition to physiotherapy.<\/td><\/tr><\/tbody><\/table><\/figure>\n\n\n\n<div style=\"height:70px\" aria-hidden=\"true\" class=\"wp-block-spacer\"><\/div>\n\n\n\n<p>The practice OrthoTraumaWien is a private practice. All doctors working here are private doctors. This offers patients the benefit of flexible appointments, little to no waiting times, a lot of time for personal consultation, diagnosis and discussion of results and treatment. Referral to our practice by other doctors is not necessary.<\/p>\n\n\n\n<p>Fees are charged directly in the practice and have to be paid by the patient. The fees can later be submitted to the public health insurance company, in which case the patient receives 80% of the public insurance tariff refunded. If a patient has private insurance then depending on the coverage all costs will be refunded.<\/p>\n\n\n\n<p>For patients with KFA public health service, costs are settled via e-card.<\/p>\n\n\n\n<p>Your specialists at OrthoTraumaWien have the option to operate at Privatklinik D\u00f6bling, Evangelisches Krankenhaus and Hera Hospital (all are private hospitals in Vienna). If you are covered by private insurance then all costs for treatment in private hospitals will be taken over.<\/p>\n\n\n\n<p>It is also possible to operate at Herz-Jesu Krankenhaus or Universit\u00e4tsklinik f\u00fcr Orthop\u00e4die und Traumatologie of the AKH Wien. Costs for treatment are covered by public health insurance.<\/p>\n\n\n\n<p>Patients covered by BVA health insurance have the option of upgrading to very timely and cost-effective treatment at Evangelisches Krankenhaus and Herz-Jesu Krankenhaus.<\/p>\n\n\n\n<p>Patients covered by KFA health insurance have the option of being treated at Hera Hospital. All costs are covered by KFA.<\/p>\n","protected":false},"excerpt":{"rendered":"<p>Treatment Costs \u2013 Doctors Initial Consultation\u20ac 180 The first consultation includes an extensive history taking, discussion of prior results and radiological images, formulating a diagnosis, developing a management plan and instigating further investigations. Follow-up Consultation\u20ac 150 The follow-up consultation includes discussion of results and radiological images as well as formulating a treatment plan individualised to &hellip;<\/p>\n","protected":false},"author":2,"featured_media":0,"parent":0,"menu_order":0,"comment_status":"closed","ping_status":"closed","template":"","meta":[],"yoast_head":"<!-- This site is optimized with the Yoast SEO plugin v15.8 - https:\/\/yoast.com\/wordpress\/plugins\/seo\/ -->\n<title>Costs - Ortho Trauma Wien<\/title>\n<meta name=\"robots\" content=\"index, follow, max-snippet:-1, max-image-preview:large, max-video-preview:-1\" \/>\n<link rel=\"canonical\" href=\"https:\/\/www.orthotraumawien.at\/en\/costs\/\" \/>\n<meta property=\"og:locale\" content=\"en_US\" \/>\n<meta property=\"og:type\" content=\"article\" \/>\n<meta property=\"og:title\" content=\"Costs - Ortho Trauma Wien\" \/>\n<meta property=\"og:description\" content=\"Treatment Costs \u2013 Doctors Initial Consultation\u20ac 180 The first consultation includes an extensive history taking, discussion of prior results and radiological images, formulating a diagnosis, developing a management plan and instigating further investigations. Follow-up Consultation\u20ac 150 The follow-up consultation includes discussion of results and radiological images as well as formulating a treatment plan individualised to &hellip;\" \/>\n<meta property=\"og:url\" content=\"https:\/\/www.orthotraumawien.at\/en\/costs\/\" \/>\n<meta property=\"og:site_name\" content=\"Ortho Trauma Wien\" \/>\n<meta property=\"article:modified_time\" content=\"2025-12-31T10:16:53+00:00\" \/>\n<meta name=\"twitter:card\" content=\"summary_large_image\" \/>\n<meta name=\"twitter:label1\" content=\"Est. reading time\">\n\t<meta name=\"twitter:data1\" content=\"4 minutes\">\n<script type=\"application\/ld+json\" class=\"yoast-schema-graph\">{\"@context\":\"https:\/\/schema.org\",\"@graph\":[{\"@type\":\"Organization\",\"@id\":\"https:\/\/www.orthotraumawien.at\/#organization\",\"name\":\"Ortho Trauma Wien\",\"url\":\"https:\/\/www.orthotraumawien.at\/\",\"sameAs\":[],\"logo\":{\"@type\":\"ImageObject\",\"@id\":\"https:\/\/www.orthotraumawien.at\/#logo\",\"inLanguage\":\"en-US\",\"url\":\"https:\/\/www.orthotraumawien.at\/wp-content\/uploads\/2020\/04\/OTW-Logo.png\",\"width\":600,\"height\":211,\"caption\":\"Ortho Trauma Wien\"},\"image\":{\"@id\":\"https:\/\/www.orthotraumawien.at\/#logo\"}},{\"@type\":\"WebSite\",\"@id\":\"https:\/\/www.orthotraumawien.at\/#website\",\"url\":\"https:\/\/www.orthotraumawien.at\/\",\"name\":\"Ortho Trauma Wien\",\"description\":\"\",\"publisher\":{\"@id\":\"https:\/\/www.orthotraumawien.at\/#organization\"},\"potentialAction\":[{\"@type\":\"SearchAction\",\"target\":\"https:\/\/www.orthotraumawien.at\/?s={search_term_string}\",\"query-input\":\"required name=search_term_string\"}],\"inLanguage\":\"en-US\"},{\"@type\":\"WebPage\",\"@id\":\"https:\/\/www.orthotraumawien.at\/en\/costs\/#webpage\",\"url\":\"https:\/\/www.orthotraumawien.at\/en\/costs\/\",\"name\":\"Costs - Ortho Trauma Wien\",\"isPartOf\":{\"@id\":\"https:\/\/www.orthotraumawien.at\/#website\"},\"datePublished\":\"2020-04-17T10:08:35+00:00\",\"dateModified\":\"2025-12-31T10:16:53+00:00\",\"breadcrumb\":{\"@id\":\"https:\/\/www.orthotraumawien.at\/en\/costs\/#breadcrumb\"},\"inLanguage\":\"en-US\",\"potentialAction\":[{\"@type\":\"ReadAction\",\"target\":[\"https:\/\/www.orthotraumawien.at\/en\/costs\/\"]}]},{\"@type\":\"BreadcrumbList\",\"@id\":\"https:\/\/www.orthotraumawien.at\/en\/costs\/#breadcrumb\",\"itemListElement\":[{\"@type\":\"ListItem\",\"position\":1,\"item\":{\"@type\":\"WebPage\",\"@id\":\"https:\/\/www.orthotraumawien.at\/en\/\",\"url\":\"https:\/\/www.orthotraumawien.at\/en\/\",\"name\":\"Startseite\"}},{\"@type\":\"ListItem\",\"position\":2,\"item\":{\"@type\":\"WebPage\",\"@id\":\"https:\/\/www.orthotraumawien.at\/en\/costs\/\",\"url\":\"https:\/\/www.orthotraumawien.at\/en\/costs\/\",\"name\":\"Costs\"}}]}]}<\/script>\n<!-- \/ Yoast SEO plugin. -->","_links":{"self":[{"href":"https:\/\/www.orthotraumawien.at\/en\/wp-json\/wp\/v2\/pages\/1600"}],"collection":[{"href":"https:\/\/www.orthotraumawien.at\/en\/wp-json\/wp\/v2\/pages"}],"about":[{"href":"https:\/\/www.orthotraumawien.at\/en\/wp-json\/wp\/v2\/types\/page"}],"author":[{"embeddable":true,"href":"https:\/\/www.orthotraumawien.at\/en\/wp-json\/wp\/v2\/users\/2"}],"replies":[{"embeddable":true,"href":"https:\/\/www.orthotraumawien.at\/en\/wp-json\/wp\/v2\/comments?post=1600"}],"version-history":[{"count":27,"href":"https:\/\/www.orthotraumawien.at\/en\/wp-json\/wp\/v2\/pages\/1600\/revisions"}],"predecessor-version":[{"id":1952,"href":"https:\/\/www.orthotraumawien.at\/en\/wp-json\/wp\/v2\/pages\/1600\/revisions\/1952"}],"wp:attachment":[{"href":"https:\/\/www.orthotraumawien.at\/en\/wp-json\/wp\/v2\/media?parent=1600"}],"curies":[{"name":"wp","href":"https:\/\/api.w.org\/{rel}","templated":true}]}}