{"id":1618,"date":"2020-04-17T11:25:09","date_gmt":"2020-04-17T09:25:09","guid":{"rendered":"https:\/\/www.orthotraumawien.at\/datenschutzerklaerung\/"},"modified":"2020-11-09T07:56:12","modified_gmt":"2020-11-09T06:56:12","slug":"privacy-policy","status":"publish","type":"page","link":"https:\/\/www.orthotraumawien.at\/en\/privacy-policy\/","title":{"rendered":"Privacy Policy"},"content":{"rendered":"\n<h3>Hinweis zur Informationspflicht (Datenschutzerkl\u00e4rung)<\/h3>\n\n\n\n<p>Uns ist es ein besonderes Anliegen, alle personenbezogenen Daten, die Sie uns anvertrauen, zu schu\u0308tzen und sicher zu verwahren.<\/p>\n\n\n\n<p>In den folgenden Datenschutzinformationen informieren wir Sie u\u0308ber die wichtigsten Aspekte der Datenverarbeitung im Rahmen unserer Website. Sie erfahren mehr daru\u0308ber, wie wir Ihre personenbezogenen Daten verwenden und verarbeiten.<\/p>\n\n\n\n<p>Die EU-Datenschutz-Grundverordnung, das Datenschutzgesetz 2000 sowie das Datenschutz- Anpassungsgesetz 2018 dienen dem Recht auf Schutz personenbezogener Daten. Wir verarbeiten Ihre Daten ausschlie\u00dflich auf Grundlage der gesetzlichen Bestimmungen (DSVGO, DSG 2018, TGK 2003).<\/p>\n\n\n\n<p>Soweit wir fu\u0308r Verarbeitungsvorga\u0308nge personenbezogener Daten eine Einwilligung der betroffenen Personen einholen, dient Art. 6 Abs. 1 lit. A EU-Datenschutz-Grundverordnung (DSGVO) als Rechtsgrundlage fu\u0308r die Verarbeitung personenbezogener Daten.<\/p>\n\n\n\n<p>Im Sinne dieser Grundverordnung\/Rechtsgrundlage (DSGVO) erfolgt die Verarbeitung Ihrer personenbezogenen Daten ausschlie\u00dflich fu\u0308r Zwecke der Vertragserfu\u0308llung bzw. fu\u0308r Zwecke der Durchfu\u0308hrung vorvertraglicher Ma\u00dfnahmen (Beratung, U\u0308bersendung von Produktinformationen und Unterbreitung von Angeboten).<\/p>\n\n\n\n<p>Ist die Verarbeitung zur Wahrung eines berechtigten Interesses unseres Unternehmens oder eines Dritten erforderlich und u\u0308berwiegen die Interessen Grundrechte und Grundfreiheiten des Betroffenen das erstgenannte Interesse nicht, so dient Art. 6 Abs. 1 lit. f. DSVGO als Rechtsgrundlage fu\u0308r die Verarbeitung.<\/p>\n\n\n\n<p>Im Zuge Ihres Besuches dieser Website werden wir folgende personenbezogene Daten u\u0308ber Sie automatisch erheben:<\/p>\n\n\n\n<ul><li>Das Datum und die Uhrzeit des Aufrufs unserer Website<\/li><li>Ihre pseudonymisierte IP-Adresse<\/li><li>Name und Version Ihres Web-Browsers<\/li><li>Die Website (URL), die Sie vor dem Aufruf dieser Website besucht haben<\/li><\/ul>\n\n\n\n<p>Die Daten bleiben bis zur Beendigung der Gesch\u00e4ftsbeziehung oder bis zum Ablauf der geltenden Garantie-, Gew\u00e4hrleistungs-, Verj\u00e4hrungs- und gesetzlichen Aufbewahrungsfristen oder bis zur Beendigung von allf\u00e4lligen Rechtsstreitigkeiten, bei denen die Daten als Beweis ben\u00f6tigt werden, auf einem Server von Google in den USA gespeichert.<\/p>\n\n\n\n<p>Im Sinne des Artikel 13 DSGVO haben Sie Anspruch auf folgende Rechte:<\/p>\n\n\n\n<ul><li>Recht auf Auskunft \u00fcber die betreffenden personenbezogenen Daten<\/li><li>Recht auf Berichtigung<\/li><li>Recht auf L\u00f6schung ihrer gespeicherten Daten<\/li><li>Recht auf Einschr\u00e4nkung der Verarbeitung<\/li><li>Widerspruchsrecht gegen die Verarbeitung<\/li><li>Recht auf Daten\u00fcbertragbarkeit<\/li><li>Beschwerderecht bei der Aufsichtsbeh\u00f6rde (Datenschutzbeh\u00f6rde)<\/li><\/ul>\n\n\n\n<p>Wenn Sie der Ansicht sind, dass die Verarbeitung Ihrer Daten gegen das Datenschutzgesetz verst\u00f6\u00dft oder Ihre datenschutzrechtlichen Anspr\u00fcche sonst in einer Weise verletzt worden sind, k\u00f6nnen Sie sich bei der Aufsichtsbeh\u00f6rde beschweren. In \u00d6sterreich ist dies die Datenschutzbeh\u00f6rde.<\/p>\n\n\n\n<p>Die Europ\u00e4ische Kommission stellt eine Plattform zur Online-Streitbeilegung (OS, gem\u00e4\u00df Art. 14 Abs. 1 ODR-VO und \u00a7 36 VSBG) bereit, die Sie unter http:\/\/ec.europa.eu\/consumers\/odr\/finden. Zur Teilnahme an einem Streitbeilegungsverfahren vor einer Verbraucherschlichtungsstelle sind wir nicht verpflichtet.<\/p>\n\n\n\n<p>Wenn Sie per Formular auf der Website oder per E-Mail Kontakt mit uns aufnehmen, werden Ihre angegebenen Daten zwecks Bearbeitung der Anfrage und f\u00fcr den Fall von Anschlussfragen 6 Monate bei uns gespeichert. Diese Daten geben wir nicht ohne Ihre Einwilligung weiter.<\/p>\n\n\n\n<p>Verantwortlicher f\u00fcr den Inhalt: Tiefenb\u00f6ck &amp; Tiefenb\u00f6ck \u00c4rzte OG, Gesellschafter Dr. med. univ. Thomas M. Tiefenb\u00f6ck, MSc;<br>Dr. med. univ. Michael Tiefenbo\u0308ck, MSc<br>E-Mai: <a href=\"mailto:ordination@orthotraumawien.at\">ordination@orthotraumawien.at<\/a><br>Adresse: Margaretenstra\u00dfe 116 EG, 1050 Wien<\/p>\n\n\n\n<h3>Cookies<\/h3>\n\n\n\n<p>Unsere Website verwendet so genannte Cookies. Dabei handelt es sich um kleine Textinformationen, die mit Hilfe des Browsers auf Ihrem Endger\u00e4t abgelegt werden und eine Wiedererkennung des Nutzers und eine Analyse Ihrer Nutzung unserer Website m\u00f6glich machen. Sie richten keinen Schaden an. Wir nutzen Cookies dazu, unser Angebot nutzerfreundlich zu gestalten. Einige Cookies bleiben auf Ihrem Endger\u00e4t\/Server gespeichert, bis Sie diese l\u00f6schen. Sie erm\u00f6glichen es uns, Ihren Browser beim n\u00e4chsten Besuch wiederzuerkennen und unsere Internetpr\u00e4senz insgesamt nutzerfreundlicher, effektiver sowie sicherer zu machen. Zudem dienen Cookies zur Messung der H\u00e4ufigkeit von Seitenaufrufen und zur allgemeinen Navigation.<\/p>\n\n\n\n<p>Die durch das Cookie erzeugten Informationen \u00fcber Ihre Benutzung dieser Website werden an einen Server von Google in den USA \u00fcbertragen und dort gespeichert. Ihre IP-Adresse wird jedoch von Google innerhalb von Mitgliedstaaten der Europ\u00e4ischen Union oder in anderen Vertragsstaaten des Abkommens \u00fcber den Europ\u00e4ischen Wirtschaftsraum gek\u00fcrzt.<\/p>\n\n\n\n<p>Wie bereits erw\u00e4hnt, werden die gewonnen Informationen von Google benutzt, um Ihre Nutzung der Website auszuwerten, um Reports \u00fcber die Websiteaktivit\u00e4ten zusammenzustellen und um weitere mit der Websitenutzung und der Internetnutzung verbundene Dienstleistungen gegen\u00fcber dem Websitebetreiber zu erbringen.<\/p>\n\n\n\n<p>Sie k\u00f6nnen die Anwendung der &#8220;Conversion-Cookies&#8221; in Ihren Browsereinstellungen verweigern bzw. das automatische Setzen von Cookies generell deaktivieren. Unter folgendem Link k\u00f6nnen Sie die Erfassung der duch das Cookie erzeugten und auf Ihre Nutzung der Website bezogenen Daten durch Google verhindern. Dazu m\u00fcssen Sie das verf\u00fcgbare Browser-Plugin herunterladen und installieren.<\/p>\n\n\n\n<p>Wenn Sie sich gegen bestimmte technische und oder funktionelle Cookies entscheiden, k\u00f6nnte die Funktionalit\u00e4t unserer Webseite eventuell eingeschr\u00e4nkt werden.<\/p>\n\n\n\n<p>N\u00e4here Informationen zu Nutzungsbedingungen und Datenschutz finden Sie unter: <\/p>\n\n\n\n<p><a rel=\"noreferrer noopener\" href=\"http:\/\/www.google.com\/analytics\/terms\/de.html\" target=\"_blank\">http:\/\/www.google.com\/analytics\/terms\/de.html<\/a> bzw. unter <a rel=\"noreferrer noopener\" href=\"https:\/\/www.google.de\/intl\/de\/policies\/\" target=\"_blank\">https:\/\/www.google.de\/intl\/de\/policies\/<\/a><\/p>\n","protected":false},"excerpt":{"rendered":"<p>Hinweis zur Informationspflicht (Datenschutzerkl\u00e4rung) Uns ist es ein besonderes Anliegen, alle personenbezogenen Daten, die Sie uns anvertrauen, zu schu\u0308tzen und sicher zu verwahren. In den folgenden Datenschutzinformationen informieren wir Sie u\u0308ber die wichtigsten Aspekte der Datenverarbeitung im Rahmen unserer Website. Sie erfahren mehr daru\u0308ber, wie wir Ihre personenbezogenen Daten verwenden und verarbeiten. Die EU-Datenschutz-Grundverordnung, das &hellip;<\/p>\n","protected":false},"author":2,"featured_media":0,"parent":0,"menu_order":0,"comment_status":"closed","ping_status":"open","template":"","meta":[],"yoast_head":"<!-- This site is optimized with the Yoast SEO plugin v15.8 - https:\/\/yoast.com\/wordpress\/plugins\/seo\/ -->\n<title>Privacy Policy - Ortho Trauma Wien<\/title>\n<meta name=\"robots\" content=\"index, follow, max-snippet:-1, max-image-preview:large, max-video-preview:-1\" \/>\n<link rel=\"canonical\" href=\"https:\/\/www.orthotraumawien.at\/en\/privacy-policy\/\" \/>\n<meta property=\"og:locale\" content=\"en_US\" \/>\n<meta property=\"og:type\" content=\"article\" \/>\n<meta property=\"og:title\" content=\"Privacy Policy - Ortho Trauma Wien\" \/>\n<meta property=\"og:description\" content=\"Hinweis zur Informationspflicht (Datenschutzerkl\u00e4rung) Uns ist es ein besonderes Anliegen, alle personenbezogenen Daten, die Sie uns anvertrauen, zu schu\u0308tzen und sicher zu verwahren. In den folgenden Datenschutzinformationen informieren wir Sie u\u0308ber die wichtigsten Aspekte der Datenverarbeitung im Rahmen unserer Website. Sie erfahren mehr daru\u0308ber, wie wir Ihre personenbezogenen Daten verwenden und verarbeiten. Die EU-Datenschutz-Grundverordnung, das &hellip;\" \/>\n<meta property=\"og:url\" content=\"https:\/\/www.orthotraumawien.at\/en\/privacy-policy\/\" \/>\n<meta property=\"og:site_name\" content=\"Ortho Trauma Wien\" \/>\n<meta property=\"article:modified_time\" content=\"2020-11-09T06:56:12+00:00\" \/>\n<meta name=\"twitter:card\" content=\"summary_large_image\" \/>\n<meta name=\"twitter:label1\" content=\"Est. reading time\">\n\t<meta name=\"twitter:data1\" content=\"4 minutes\">\n<script type=\"application\/ld+json\" class=\"yoast-schema-graph\">{\"@context\":\"https:\/\/schema.org\",\"@graph\":[{\"@type\":\"Organization\",\"@id\":\"https:\/\/www.orthotraumawien.at\/#organization\",\"name\":\"Ortho Trauma Wien\",\"url\":\"https:\/\/www.orthotraumawien.at\/\",\"sameAs\":[],\"logo\":{\"@type\":\"ImageObject\",\"@id\":\"https:\/\/www.orthotraumawien.at\/#logo\",\"inLanguage\":\"en-US\",\"url\":\"https:\/\/www.orthotraumawien.at\/wp-content\/uploads\/2020\/04\/OTW-Logo.png\",\"width\":600,\"height\":211,\"caption\":\"Ortho Trauma Wien\"},\"image\":{\"@id\":\"https:\/\/www.orthotraumawien.at\/#logo\"}},{\"@type\":\"WebSite\",\"@id\":\"https:\/\/www.orthotraumawien.at\/#website\",\"url\":\"https:\/\/www.orthotraumawien.at\/\",\"name\":\"Ortho Trauma Wien\",\"description\":\"\",\"publisher\":{\"@id\":\"https:\/\/www.orthotraumawien.at\/#organization\"},\"potentialAction\":[{\"@type\":\"SearchAction\",\"target\":\"https:\/\/www.orthotraumawien.at\/?s={search_term_string}\",\"query-input\":\"required name=search_term_string\"}],\"inLanguage\":\"en-US\"},{\"@type\":\"WebPage\",\"@id\":\"https:\/\/www.orthotraumawien.at\/en\/privacy-policy\/#webpage\",\"url\":\"https:\/\/www.orthotraumawien.at\/en\/privacy-policy\/\",\"name\":\"Privacy Policy - Ortho Trauma Wien\",\"isPartOf\":{\"@id\":\"https:\/\/www.orthotraumawien.at\/#website\"},\"datePublished\":\"2020-04-17T09:25:09+00:00\",\"dateModified\":\"2020-11-09T06:56:12+00:00\",\"breadcrumb\":{\"@id\":\"https:\/\/www.orthotraumawien.at\/en\/privacy-policy\/#breadcrumb\"},\"inLanguage\":\"en-US\",\"potentialAction\":[{\"@type\":\"ReadAction\",\"target\":[\"https:\/\/www.orthotraumawien.at\/en\/privacy-policy\/\"]}]},{\"@type\":\"BreadcrumbList\",\"@id\":\"https:\/\/www.orthotraumawien.at\/en\/privacy-policy\/#breadcrumb\",\"itemListElement\":[{\"@type\":\"ListItem\",\"position\":1,\"item\":{\"@type\":\"WebPage\",\"@id\":\"https:\/\/www.orthotraumawien.at\/en\/\",\"url\":\"https:\/\/www.orthotraumawien.at\/en\/\",\"name\":\"Startseite\"}},{\"@type\":\"ListItem\",\"position\":2,\"item\":{\"@type\":\"WebPage\",\"@id\":\"https:\/\/www.orthotraumawien.at\/en\/privacy-policy\/\",\"url\":\"https:\/\/www.orthotraumawien.at\/en\/privacy-policy\/\",\"name\":\"Privacy Policy\"}}]}]}<\/script>\n<!-- \/ Yoast SEO plugin. -->","_links":{"self":[{"href":"https:\/\/www.orthotraumawien.at\/en\/wp-json\/wp\/v2\/pages\/1618"}],"collection":[{"href":"https:\/\/www.orthotraumawien.at\/en\/wp-json\/wp\/v2\/pages"}],"about":[{"href":"https:\/\/www.orthotraumawien.at\/en\/wp-json\/wp\/v2\/types\/page"}],"author":[{"embeddable":true,"href":"https:\/\/www.orthotraumawien.at\/en\/wp-json\/wp\/v2\/users\/2"}],"replies":[{"embeddable":true,"href":"https:\/\/www.orthotraumawien.at\/en\/wp-json\/wp\/v2\/comments?post=1618"}],"version-history":[{"count":2,"href":"https:\/\/www.orthotraumawien.at\/en\/wp-json\/wp\/v2\/pages\/1618\/revisions"}],"predecessor-version":[{"id":1620,"href":"https:\/\/www.orthotraumawien.at\/en\/wp-json\/wp\/v2\/pages\/1618\/revisions\/1620"}],"wp:attachment":[{"href":"https:\/\/www.orthotraumawien.at\/en\/wp-json\/wp\/v2\/media?parent=1618"}],"curies":[{"name":"wp","href":"https:\/\/api.w.org\/{rel}","templated":true}]}}